{"id":928,"date":"2022-05-26T13:03:08","date_gmt":"2022-05-26T13:03:08","guid":{"rendered":"https:\/\/losangelesshishas.com\/?page_id=928"},"modified":"2022-05-26T13:11:42","modified_gmt":"2022-05-26T13:11:42","slug":"aviso-legal","status":"publish","type":"page","link":"https:\/\/losangelesshishas.com\/index.php\/aviso-legal\/","title":{"rendered":"Aviso Legal"},"content":{"rendered":"\t\t<div data-elementor-type=\"wp-page\" data-elementor-id=\"928\" class=\"elementor elementor-928\">\n\t\t\t\t\t\t<section class=\"elementor-section elementor-top-section elementor-element elementor-element-1977b787 elementor-section-boxed elementor-section-height-default elementor-section-height-default\" data-id=\"1977b787\" data-element_type=\"section\" data-e-type=\"section\">\n\t\t\t\t\t\t<div class=\"elementor-container elementor-column-gap-default\">\n\t\t\t\t\t<div class=\"elementor-column elementor-col-100 elementor-top-column elementor-element elementor-element-47cc7\" data-id=\"47cc7\" data-element_type=\"column\" data-e-type=\"column\">\n\t\t\t<div class=\"elementor-widget-wrap elementor-element-populated\">\n\t\t\t\t\t\t<div class=\"elementor-element elementor-element-69beca4b elementor-widget elementor-widget-text-editor\" data-id=\"69beca4b\" data-element_type=\"widget\" data-e-type=\"widget\" data-widget_type=\"text-editor.default\">\n\t\t\t\t<div class=\"elementor-widget-container\">\n\t\t\t\t\t\t\t\t\t\t\t\t\t\t\t\t\t<\/div>\n\t\t\t\t<\/div>\n\t\t\t\t\t<\/div>\n\t\t<\/div>\n\t\t\t\t\t<\/div>\n\t\t<\/section>\n\t\t\t\t<section class=\"elementor-section elementor-top-section elementor-element elementor-element-74a0f19 elementor-section-boxed elementor-section-height-default elementor-section-height-default\" data-id=\"74a0f19\" data-element_type=\"section\" data-e-type=\"section\">\n\t\t\t\t\t\t<div class=\"elementor-container elementor-column-gap-default\">\n\t\t\t\t\t<div class=\"elementor-column elementor-col-100 elementor-top-column elementor-element elementor-element-4e5bbd8\" data-id=\"4e5bbd8\" data-element_type=\"column\" data-e-type=\"column\">\n\t\t\t<div class=\"elementor-widget-wrap elementor-element-populated\">\n\t\t\t\t\t\t<div class=\"elementor-element elementor-element-87c3bb7 elementor-widget elementor-widget-heading\" data-id=\"87c3bb7\" data-element_type=\"widget\" data-e-type=\"widget\" data-widget_type=\"heading.default\">\n\t\t\t\t<div class=\"elementor-widget-container\">\n\t\t\t\t\t<h2 class=\"elementor-heading-title elementor-size-default\">Aviso Legal<\/h2>\t\t\t\t<\/div>\n\t\t\t\t<\/div>\n\t\t\t\t<div class=\"elementor-element elementor-element-98cb97b elementor-widget elementor-widget-spacer\" data-id=\"98cb97b\" data-element_type=\"widget\" data-e-type=\"widget\" data-widget_type=\"spacer.default\">\n\t\t\t\t<div class=\"elementor-widget-container\">\n\t\t\t\t\t\t\t<div class=\"elementor-spacer\">\n\t\t\t<div class=\"elementor-spacer-inner\"><\/div>\n\t\t<\/div>\n\t\t\t\t\t\t<\/div>\n\t\t\t\t<\/div>\n\t\t\t\t<div class=\"elementor-element elementor-element-2455f54 elementor-widget elementor-widget-text-editor\" data-id=\"2455f54\" data-element_type=\"widget\" data-e-type=\"widget\" data-widget_type=\"text-editor.default\">\n\t\t\t\t<div class=\"elementor-widget-container\">\n\t\t\t\t\t\t\t\t\t<p><strong>Francisco Jos\u00e9 Plaza Mart\u00ednez,<\/strong> en adelante RESPONSABLE, pone a disposici\u00f3n de los usuarios el presente documento, con el que pretende dar cumplimiento a las obligaciones dispuestas en la Ley 34\/2002, de 11 de julio, de Servicios de la Sociedad de la Informaci\u00f3n y de Comercio Electr\u00f3nico (LSSICE),\u00a0as\u00ed como informar a todos los usuarios del sitio web respecto a cu\u00e1les son las condiciones de uso.<\/p>\n<p>Toda persona que acceda a este sitio web asume el papel de usuario, comprometi\u00e9ndose a la observancia y cumplimiento riguroso de las disposiciones aqu\u00ed expuestas, as\u00ed como a cualquier otra disposici\u00f3n legal que fuera de aplicaci\u00f3n.\u00a0<\/p>\n<p><strong>Francisco Jos\u00e9 Plaza Mart\u00ednez<\/strong>, se reserva el derecho de modificar cualquier tipo de informaci\u00f3n que pudiera aparecer en el sitio web, sin que exista obligaci\u00f3n de preavisar o poner en conocimiento de los usuarios dichas obligaciones, entendi\u00e9ndose como suficiente con la publicaci\u00f3n en el sitio web.<\/p>\n<p><strong>\u00a0<\/strong><\/p>\n<ol>\n<li><strong> DATOS IDENTIFICATIVOS<\/strong><\/li>\n<\/ol>\n<p>Nombre de dominio: <a href=\"https:\/\/losangelesshishas.com\/\">https:\/\/losangelesshishas.com\/<\/a><\/p>\n<p>Nombre comercial: Los \u00c1ngeles Shishas<\/p>\n<p>Denominaci\u00f3n social: Francisco Jos\u00e9 Plaza Mart\u00ednez<\/p>\n<p>NIF: 77154439L<\/p>\n<p>Domicilio social: C\/ David 12 Almer\u00eda 04008<\/p>\n<p>Tel\u00e9fono: 950 65 63 77<\/p>\n<p>E-mail: <a href=\"mailto:info@losangelesshishas.com\">info@losangelesshishas.com<\/a><\/p>\n<p>\u00a0<\/p>\n<ol start=\"2\">\n<li><strong> DERECHOS DE PROPIEDAD INTELECTUAL E INDUSTRIAL<\/strong><\/li>\n<\/ol>\n<p>El sitio web, incluyendo a t\u00edtulo enunciativo, pero no limitativo su programaci\u00f3n, edici\u00f3n, compilaci\u00f3n y dem\u00e1s elementos necesarios para su funcionamiento, los dise\u00f1os, logotipos, texto y\/o gr\u00e1ficos, son propiedad del RESPONSABLE o, si es el caso, dispone de licencia o autorizaci\u00f3n expresa por parte de los autores.<\/p>\n<p>Independientemente de la finalidad para la que fueran destinados, la reproducci\u00f3n total o parcial, uso, explotaci\u00f3n, distribuci\u00f3n y comercializaci\u00f3n, requiere en todo caso de la autorizaci\u00f3n escrita previa por parte del RESPONSABLE. Cualquier uso no autorizado previamente se considera un incumplimiento grave de los derechos de propiedad intelectual o industrial del autor.\u00a0<\/p>\n<p>Los dise\u00f1os, logotipos, texto y\/o gr\u00e1ficos ajenos al RESPONSABLE y que pudieran aparecer en el sitio web, pertenecen a sus respectivos propietarios, siendo ellos mismos responsables de cualquier posible controversia que pudiera suscitarse respecto a los mismos. El RESPONSABLE autoriza expresamente a que terceros puedan redirigir directamente a los contenidos concretos del sitio web, y en todo caso redirigir al sitio web principal de <strong>Francisco Jos\u00e9 Plaza Mart\u00ednez<\/strong><\/p>\n<p>El RESPONSABLE reconoce a favor de sus titulares los correspondientes derechos de propiedad intelectual e industrial, no implicando su sola menci\u00f3n o aparici\u00f3n en el sitio web la existencia de derechos o responsabilidad alguna sobre los mismos, como tampoco respaldo, patrocinio o recomendaci\u00f3n por parte del mismo.<\/p>\n<p>Para realizar cualquier tipo de observaci\u00f3n respecto a posibles incumplimientos de los derechos de propiedad intelectual o industrial, as\u00ed como sobre cualquiera de los contenidos del sitio web, puede hacerlo a trav\u00e9s del correo electr\u00f3nico <a href=\"mailto:info@losangelesshishas.com\">info@losangelesshishas.com<\/a> \u00a0\u00a0<\/p>\n<p>\u00a0<\/p>\n<ol start=\"3\">\n<li><strong> EXENCI\u00d3N DE RESPONSABILIDADES<\/strong><\/li>\n<\/ol>\n<p>El RESPONSABLE se exime de cualquier tipo de responsabilidad derivada de la informaci\u00f3n publicada en su sitio web siempre que esta informaci\u00f3n haya sido manipulada o introducida por un tercero ajeno al mismo.<\/p>\n<p><strong>Pol\u00edtica de enlaces<\/strong><\/p>\n<p>Desde el sitio web, es posible que se redirija a contenidos de terceros sitios web. Dado que el RESPONSABLE no puede controlar siempre los contenidos introducidos por los terceros en sus respectivos sitios web, no asume ning\u00fan tipo de responsabilidad respecto a dichos contenidos. En todo caso, proceder\u00e1 a la retirada inmediata de cualquier contenido que pudiera contravenir la legislaci\u00f3n nacional o internacional, la moral o el orden p\u00fablico, procediendo a la retirada inmediata de la redirecci\u00f3n a dicho sitio web, poniendo en conocimiento de las autoridades competentes el contenido en cuesti\u00f3n.\u00a0<\/p>\n<p>El RESPONSABLE\u00a0no se hace responsable de la informaci\u00f3n y contenidos almacenados, a t\u00edtulo enunciativo, pero no limitativo, en foros, chats, generadores de blogs, comentarios, redes sociales o cualquier otro medio que permita a terceros publicar contenidos de forma independiente en la p\u00e1gina web del\u00a0RESPONSABLE. Sin embargo, y en cumplimiento de lo dispuesto en los art\u00edculos 11 y 16 de la LSSICE, se pone a disposici\u00f3n de todos los usuarios, autoridades y fuerzas de seguridad, colaborando de forma activa en la retirada o, en su caso, bloqueo de todos aquellos contenidos que puedan afectar o contravenir la legislaci\u00f3n nacional o internacional, los derechos de terceros o la moral y el orden p\u00fablico. En caso de que el usuario considere que existe en el sitio web alg\u00fan contenido que pudiera ser susceptible de esta clasificaci\u00f3n, se ruega lo notifique de forma inmediata al administrador del sitio web.\u00a0<\/p>\n<p>Este sitio web ha sido revisado y probado para que funcione correctamente. En principio, puede garantizarse el correcto funcionamiento los 365 d\u00edas del a\u00f1o, 24 horas al d\u00eda. Sin embargo, el\u00a0RESPONSABLE\u00a0no descarta la posibilidad de que existan ciertos errores de programaci\u00f3n, o que acontezcan causas de fuerza mayor, cat\u00e1strofes naturales, huelgas o circunstancias semejantes que hagan imposible el acceso a la p\u00e1gina web.<br \/>\u00a0<\/p>\n<ol start=\"4\">\n<li><strong> LEY APLICABLE Y JURISDICCI\u00d3N<\/strong><\/li>\n<\/ol>\n<p>Esta p\u00e1gina web se encuentra sometida a la legislaci\u00f3n espa\u00f1ola y en caso de litigio o controversia surgida del uso de esta p\u00e1gina web ambas partes se someten a la jurisdicci\u00f3n de los tribunales de la ciudad de Almer\u00eda (Espa\u00f1a). Esta cl\u00e1usula de sumisi\u00f3n expresa a los tribunales de la ciudad de Almer\u00eda no ser\u00e1 aplicable para los supuestos de litigio con los usuarios de la web que, seg\u00fan la legislaci\u00f3n vigente, ostenten la condici\u00f3n de consumidores, en cuyo caso ambas partes estar\u00e1n sometidos a la jurisdicci\u00f3n de los Juzgados y Tribunales de residencia del consumidor. As\u00ed mismo en estos casos, el prestador y el usuario podr\u00e1n someter sus conflictos a los arbitrajes previstos en la legislaci\u00f3n de arbitraje y de defensa de los consumidores y usuarios, y a los procedimientos de resoluci\u00f3n extrajudicial de conflictos que se instauren por medio de c\u00f3digos de conducta u otros instrumentos de autorregulaci\u00f3n.<\/p>\n<p>\u00a0<\/p>\t\t\t\t\t\t\t\t<\/div>\n\t\t\t\t<\/div>\n\t\t\t\t\t<\/div>\n\t\t<\/div>\n\t\t\t\t\t<\/div>\n\t\t<\/section>\n\t\t\t\t<\/div>\n\t\t","protected":false},"excerpt":{"rendered":"<p>Aviso Legal Francisco Jos\u00e9 Plaza Mart\u00ednez, en adelante RESPONSABLE, pone a disposici\u00f3n de los usuarios el presente documento, con el que pretende dar cumplimiento a las obligaciones dispuestas en la Ley 34\/2002, de 11 de julio, de Servicios de la Sociedad de la Informaci\u00f3n y de Comercio Electr\u00f3nico (LSSICE),&nbsp;as\u00ed como informar a todos los usuarios [&#8230;]\n","protected":false},"author":21,"featured_media":0,"parent":0,"menu_order":0,"comment_status":"closed","ping_status":"closed","template":"","meta":{"footnotes":""},"class_list":["post-928","page","type-page","status-publish","hentry"],"yoast_head":"<!-- This site is optimized with the Yoast SEO plugin v27.4 - https:\/\/yoast.com\/product\/yoast-seo-wordpress\/ -->\n<title>Aviso Legal - Los \u00c1ngeles Shishas<\/title>\n<meta name=\"robots\" content=\"index, follow, max-snippet:-1, max-image-preview:large, max-video-preview:-1\" \/>\n<link rel=\"canonical\" href=\"https:\/\/losangelesshishas.com\/index.php\/aviso-legal\/\" \/>\n<meta property=\"og:locale\" content=\"es_ES\" \/>\n<meta property=\"og:type\" content=\"article\" \/>\n<meta property=\"og:title\" content=\"Aviso Legal - Los \u00c1ngeles Shishas\" \/>\n<meta property=\"og:description\" content=\"Aviso Legal Francisco Jos\u00e9 Plaza Mart\u00ednez, en adelante RESPONSABLE, pone a disposici\u00f3n de los usuarios el presente documento, con el que pretende dar cumplimiento a las obligaciones dispuestas en la Ley 34\/2002, de 11 de julio, de Servicios de la Sociedad de la Informaci\u00f3n y de Comercio Electr\u00f3nico (LSSICE),&nbsp;as\u00ed como informar a todos los usuarios [...]\" \/>\n<meta property=\"og:url\" content=\"https:\/\/losangelesshishas.com\/index.php\/aviso-legal\/\" \/>\n<meta property=\"og:site_name\" content=\"Los \u00c1ngeles Shishas\" \/>\n<meta property=\"article:modified_time\" content=\"2022-05-26T13:11:42+00:00\" \/>\n<meta name=\"twitter:card\" content=\"summary_large_image\" \/>\n<meta name=\"twitter:label1\" content=\"Tiempo de lectura\" \/>\n\t<meta name=\"twitter:data1\" content=\"5 minutos\" \/>\n<script type=\"application\/ld+json\" class=\"yoast-schema-graph\">{\"@context\":\"https:\\\/\\\/schema.org\",\"@graph\":[{\"@type\":\"WebPage\",\"@id\":\"https:\\\/\\\/losangelesshishas.com\\\/index.php\\\/aviso-legal\\\/\",\"url\":\"https:\\\/\\\/losangelesshishas.com\\\/index.php\\\/aviso-legal\\\/\",\"name\":\"Aviso Legal - Los \u00c1ngeles Shishas\",\"isPartOf\":{\"@id\":\"https:\\\/\\\/losangelesshishas.com\\\/#website\"},\"datePublished\":\"2022-05-26T13:03:08+00:00\",\"dateModified\":\"2022-05-26T13:11:42+00:00\",\"breadcrumb\":{\"@id\":\"https:\\\/\\\/losangelesshishas.com\\\/index.php\\\/aviso-legal\\\/#breadcrumb\"},\"inLanguage\":\"es\",\"potentialAction\":[{\"@type\":\"ReadAction\",\"target\":[\"https:\\\/\\\/losangelesshishas.com\\\/index.php\\\/aviso-legal\\\/\"]}]},{\"@type\":\"BreadcrumbList\",\"@id\":\"https:\\\/\\\/losangelesshishas.com\\\/index.php\\\/aviso-legal\\\/#breadcrumb\",\"itemListElement\":[{\"@type\":\"ListItem\",\"position\":1,\"name\":\"Portada\",\"item\":\"https:\\\/\\\/losangelesshishas.com\\\/\"},{\"@type\":\"ListItem\",\"position\":2,\"name\":\"Aviso Legal\"}]},{\"@type\":\"WebSite\",\"@id\":\"https:\\\/\\\/losangelesshishas.com\\\/#website\",\"url\":\"https:\\\/\\\/losangelesshishas.com\\\/\",\"name\":\"Los \u00c1ngeles Shishas\",\"description\":\"Tienda online de cachimbas y complementos para shisha\",\"publisher\":{\"@id\":\"https:\\\/\\\/losangelesshishas.com\\\/#organization\"},\"potentialAction\":[{\"@type\":\"SearchAction\",\"target\":{\"@type\":\"EntryPoint\",\"urlTemplate\":\"https:\\\/\\\/losangelesshishas.com\\\/?s={search_term_string}\"},\"query-input\":{\"@type\":\"PropertyValueSpecification\",\"valueRequired\":true,\"valueName\":\"search_term_string\"}}],\"inLanguage\":\"es\"},{\"@type\":\"Organization\",\"@id\":\"https:\\\/\\\/losangelesshishas.com\\\/#organization\",\"name\":\"Los \u00c1ngeles Shishas\",\"url\":\"https:\\\/\\\/losangelesshishas.com\\\/\",\"logo\":{\"@type\":\"ImageObject\",\"inLanguage\":\"es\",\"@id\":\"https:\\\/\\\/losangelesshishas.com\\\/#\\\/schema\\\/logo\\\/image\\\/\",\"url\":\"https:\\\/\\\/losangelesshishas.com\\\/wp-content\\\/uploads\\\/2022\\\/03\\\/IMG_1137.png\",\"contentUrl\":\"https:\\\/\\\/losangelesshishas.com\\\/wp-content\\\/uploads\\\/2022\\\/03\\\/IMG_1137.png\",\"width\":1980,\"height\":1320,\"caption\":\"Los \u00c1ngeles Shishas\"},\"image\":{\"@id\":\"https:\\\/\\\/losangelesshishas.com\\\/#\\\/schema\\\/logo\\\/image\\\/\"}}]}<\/script>\n<!-- \/ Yoast SEO plugin. -->","yoast_head_json":{"title":"Aviso Legal - Los \u00c1ngeles Shishas","robots":{"index":"index","follow":"follow","max-snippet":"max-snippet:-1","max-image-preview":"max-image-preview:large","max-video-preview":"max-video-preview:-1"},"canonical":"https:\/\/losangelesshishas.com\/index.php\/aviso-legal\/","og_locale":"es_ES","og_type":"article","og_title":"Aviso Legal - Los \u00c1ngeles Shishas","og_description":"Aviso Legal Francisco Jos\u00e9 Plaza Mart\u00ednez, en adelante RESPONSABLE, pone a disposici\u00f3n de los usuarios el presente documento, con el que pretende dar cumplimiento a las obligaciones dispuestas en la Ley 34\/2002, de 11 de julio, de Servicios de la Sociedad de la Informaci\u00f3n y de Comercio Electr\u00f3nico (LSSICE),&nbsp;as\u00ed como informar a todos los usuarios [...]","og_url":"https:\/\/losangelesshishas.com\/index.php\/aviso-legal\/","og_site_name":"Los \u00c1ngeles Shishas","article_modified_time":"2022-05-26T13:11:42+00:00","twitter_card":"summary_large_image","twitter_misc":{"Tiempo de lectura":"5 minutos"},"schema":{"@context":"https:\/\/schema.org","@graph":[{"@type":"WebPage","@id":"https:\/\/losangelesshishas.com\/index.php\/aviso-legal\/","url":"https:\/\/losangelesshishas.com\/index.php\/aviso-legal\/","name":"Aviso Legal - Los \u00c1ngeles Shishas","isPartOf":{"@id":"https:\/\/losangelesshishas.com\/#website"},"datePublished":"2022-05-26T13:03:08+00:00","dateModified":"2022-05-26T13:11:42+00:00","breadcrumb":{"@id":"https:\/\/losangelesshishas.com\/index.php\/aviso-legal\/#breadcrumb"},"inLanguage":"es","potentialAction":[{"@type":"ReadAction","target":["https:\/\/losangelesshishas.com\/index.php\/aviso-legal\/"]}]},{"@type":"BreadcrumbList","@id":"https:\/\/losangelesshishas.com\/index.php\/aviso-legal\/#breadcrumb","itemListElement":[{"@type":"ListItem","position":1,"name":"Portada","item":"https:\/\/losangelesshishas.com\/"},{"@type":"ListItem","position":2,"name":"Aviso Legal"}]},{"@type":"WebSite","@id":"https:\/\/losangelesshishas.com\/#website","url":"https:\/\/losangelesshishas.com\/","name":"Los \u00c1ngeles Shishas","description":"Tienda online de cachimbas y complementos para shisha","publisher":{"@id":"https:\/\/losangelesshishas.com\/#organization"},"potentialAction":[{"@type":"SearchAction","target":{"@type":"EntryPoint","urlTemplate":"https:\/\/losangelesshishas.com\/?s={search_term_string}"},"query-input":{"@type":"PropertyValueSpecification","valueRequired":true,"valueName":"search_term_string"}}],"inLanguage":"es"},{"@type":"Organization","@id":"https:\/\/losangelesshishas.com\/#organization","name":"Los \u00c1ngeles Shishas","url":"https:\/\/losangelesshishas.com\/","logo":{"@type":"ImageObject","inLanguage":"es","@id":"https:\/\/losangelesshishas.com\/#\/schema\/logo\/image\/","url":"https:\/\/losangelesshishas.com\/wp-content\/uploads\/2022\/03\/IMG_1137.png","contentUrl":"https:\/\/losangelesshishas.com\/wp-content\/uploads\/2022\/03\/IMG_1137.png","width":1980,"height":1320,"caption":"Los \u00c1ngeles Shishas"},"image":{"@id":"https:\/\/losangelesshishas.com\/#\/schema\/logo\/image\/"}}]}},"_links":{"self":[{"href":"https:\/\/losangelesshishas.com\/index.php\/wp-json\/wp\/v2\/pages\/928","targetHints":{"allow":["GET"]}}],"collection":[{"href":"https:\/\/losangelesshishas.com\/index.php\/wp-json\/wp\/v2\/pages"}],"about":[{"href":"https:\/\/losangelesshishas.com\/index.php\/wp-json\/wp\/v2\/types\/page"}],"author":[{"embeddable":true,"href":"https:\/\/losangelesshishas.com\/index.php\/wp-json\/wp\/v2\/users\/21"}],"replies":[{"embeddable":true,"href":"https:\/\/losangelesshishas.com\/index.php\/wp-json\/wp\/v2\/comments?post=928"}],"version-history":[{"count":8,"href":"https:\/\/losangelesshishas.com\/index.php\/wp-json\/wp\/v2\/pages\/928\/revisions"}],"predecessor-version":[{"id":936,"href":"https:\/\/losangelesshishas.com\/index.php\/wp-json\/wp\/v2\/pages\/928\/revisions\/936"}],"wp:attachment":[{"href":"https:\/\/losangelesshishas.com\/index.php\/wp-json\/wp\/v2\/media?parent=928"}],"curies":[{"name":"wp","href":"https:\/\/api.w.org\/{rel}","templated":true}]}}