{"id":711,"date":"2022-05-03T18:47:19","date_gmt":"2022-05-03T18:47:19","guid":{"rendered":"https:\/\/losangelesshishas.com\/?post_type=product&#038;p=711"},"modified":"2025-03-04T17:58:49","modified_gmt":"2025-03-04T17:58:49","slug":"diavla-hookah-model-kharma-pink","status":"publish","type":"product","link":"https:\/\/losangelesshishas.com\/index.php\/producto\/diavla-hookah-model-kharma-pink\/","title":{"rendered":"DIAVLA HOOKAH MODEL KHARMA PINK"},"content":{"rendered":"<p>La marca <strong>espa\u00f1ola<\/strong>\u00a0se consolida en el sector tras el \u00e9xito de su primera cachimba\u00a0<strong>Diavla Hookah Model Mini Kharma<\/strong>, muy llamativa por sus diferentes resinas y facilidad de transportar.Posee un sistema de purga muy vistoso hacia el plato.<\/p>\n<p>Sus piezas met\u00e1licas est\u00e1n fabricadas en <b>acero inoxidable V2A, <\/b>que ayudar\u00e1n a que su <strong>cachimba<\/strong> se conserve en el tiempo.<\/p>\n<p>Incluye:<\/p>\n<ul>\n<li>Cuerpo<\/li>\n<li>Base<\/li>\n<li>Plato<\/li>\n<li>Boquilla<\/li>\n<li>Manguera<\/li>\n<\/ul>\n","protected":false},"excerpt":{"rendered":"<p>La marca espa\u00f1ola\u00a0se consolida en el sector tras el \u00e9xito de su primera cachimba\u00a0Diavla Hookah Model Mini Kharma, muy llamativa por sus diferentes resinas y facilidad de transportar.Posee un sistema de purga muy vistoso hacia el plato. Sus piezas met\u00e1licas est\u00e1n fabricadas en acero inoxidable V2A, que ayudar\u00e1n a que su cachimba se conserve en [&#8230;]\n","protected":false},"featured_media":1038,"comment_status":"open","ping_status":"closed","template":"","meta":[],"product_brand":[],"product_cat":[18,48],"product_tag":[46,47,41,50,49],"class_list":{"0":"post-711","1":"product","2":"type-product","3":"status-publish","4":"has-post-thumbnail","6":"product_cat-cachimbas-exclusivas-baratas","7":"product_cat-diavla-hookah","8":"product_tag-cachimba","9":"product_tag-diavla","10":"product_tag-hookah","11":"product_tag-mini","12":"product_tag-shisha","14":"first","15":"instock","16":"taxable","17":"shipping-taxable","18":"purchasable","19":"product-type-simple"},"yoast_head":"<!-- This site is optimized with the Yoast SEO plugin v27.4 - https:\/\/yoast.com\/product\/yoast-seo-wordpress\/ -->\n<title>DIAVLA HOOKAH MODEL KHARMA PINK - Los \u00c1ngeles Shishas<\/title>\n<meta name=\"robots\" content=\"index, follow, max-snippet:-1, max-image-preview:large, max-video-preview:-1\" \/>\n<link rel=\"canonical\" href=\"https:\/\/losangelesshishas.com\/index.php\/producto\/diavla-hookah-model-kharma-pink\/\" \/>\n<meta property=\"og:locale\" content=\"es_ES\" \/>\n<meta property=\"og:type\" content=\"article\" \/>\n<meta property=\"og:title\" content=\"DIAVLA HOOKAH MODEL KHARMA PINK - Los \u00c1ngeles Shishas\" \/>\n<meta property=\"og:description\" content=\"La marca espa\u00f1ola\u00a0se consolida en el sector tras el \u00e9xito de su primera cachimba\u00a0Diavla Hookah Model Mini Kharma, muy llamativa por sus diferentes resinas y facilidad de transportar.Posee un sistema de purga muy vistoso hacia el plato. Sus piezas met\u00e1licas est\u00e1n fabricadas en acero inoxidable V2A, que ayudar\u00e1n a que su cachimba se conserve en [...]\" \/>\n<meta property=\"og:url\" content=\"https:\/\/losangelesshishas.com\/index.php\/producto\/diavla-hookah-model-kharma-pink\/\" \/>\n<meta property=\"og:site_name\" content=\"Los \u00c1ngeles Shishas\" \/>\n<meta property=\"article:modified_time\" content=\"2025-03-04T17:58:49+00:00\" \/>\n<meta property=\"og:image\" content=\"https:\/\/losangelesshishas.com\/wp-content\/uploads\/2022\/05\/WEB-3-2.png\" \/>\n\t<meta property=\"og:image:width\" content=\"800\" \/>\n\t<meta property=\"og:image:height\" content=\"800\" \/>\n\t<meta property=\"og:image:type\" content=\"image\/png\" \/>\n<meta name=\"twitter:card\" content=\"summary_large_image\" \/>\n<meta name=\"twitter:label1\" content=\"Tiempo de lectura\" \/>\n\t<meta name=\"twitter:data1\" content=\"1 minuto\" \/>\n<script type=\"application\/ld+json\" class=\"yoast-schema-graph\">{\"@context\":\"https:\\\/\\\/schema.org\",\"@graph\":[{\"@type\":\"WebPage\",\"@id\":\"https:\\\/\\\/losangelesshishas.com\\\/index.php\\\/producto\\\/diavla-hookah-model-kharma-pink\\\/\",\"url\":\"https:\\\/\\\/losangelesshishas.com\\\/index.php\\\/producto\\\/diavla-hookah-model-kharma-pink\\\/\",\"name\":\"DIAVLA HOOKAH MODEL KHARMA PINK - Los \u00c1ngeles Shishas\",\"isPartOf\":{\"@id\":\"https:\\\/\\\/losangelesshishas.com\\\/#website\"},\"primaryImageOfPage\":{\"@id\":\"https:\\\/\\\/losangelesshishas.com\\\/index.php\\\/producto\\\/diavla-hookah-model-kharma-pink\\\/#primaryimage\"},\"image\":{\"@id\":\"https:\\\/\\\/losangelesshishas.com\\\/index.php\\\/producto\\\/diavla-hookah-model-kharma-pink\\\/#primaryimage\"},\"thumbnailUrl\":\"https:\\\/\\\/losangelesshishas.com\\\/wp-content\\\/uploads\\\/2022\\\/05\\\/WEB-3-2.png\",\"datePublished\":\"2022-05-03T18:47:19+00:00\",\"dateModified\":\"2025-03-04T17:58:49+00:00\",\"breadcrumb\":{\"@id\":\"https:\\\/\\\/losangelesshishas.com\\\/index.php\\\/producto\\\/diavla-hookah-model-kharma-pink\\\/#breadcrumb\"},\"inLanguage\":\"es\",\"potentialAction\":[{\"@type\":\"ReadAction\",\"target\":[\"https:\\\/\\\/losangelesshishas.com\\\/index.php\\\/producto\\\/diavla-hookah-model-kharma-pink\\\/\"]}]},{\"@type\":\"ImageObject\",\"inLanguage\":\"es\",\"@id\":\"https:\\\/\\\/losangelesshishas.com\\\/index.php\\\/producto\\\/diavla-hookah-model-kharma-pink\\\/#primaryimage\",\"url\":\"https:\\\/\\\/losangelesshishas.com\\\/wp-content\\\/uploads\\\/2022\\\/05\\\/WEB-3-2.png\",\"contentUrl\":\"https:\\\/\\\/losangelesshishas.com\\\/wp-content\\\/uploads\\\/2022\\\/05\\\/WEB-3-2.png\",\"width\":800,\"height\":800,\"caption\":\"DIAVLA HOOKAH MODEL KHARMA PINK\"},{\"@type\":\"BreadcrumbList\",\"@id\":\"https:\\\/\\\/losangelesshishas.com\\\/index.php\\\/producto\\\/diavla-hookah-model-kharma-pink\\\/#breadcrumb\",\"itemListElement\":[{\"@type\":\"ListItem\",\"position\":1,\"name\":\"Portada\",\"item\":\"https:\\\/\\\/losangelesshishas.com\\\/\"},{\"@type\":\"ListItem\",\"position\":2,\"name\":\"Tienda\",\"item\":\"https:\\\/\\\/losangelesshishas.com\\\/index.php\\\/tienda\\\/\"},{\"@type\":\"ListItem\",\"position\":3,\"name\":\"DIAVLA HOOKAH MODEL KHARMA PINK\"}]},{\"@type\":\"WebSite\",\"@id\":\"https:\\\/\\\/losangelesshishas.com\\\/#website\",\"url\":\"https:\\\/\\\/losangelesshishas.com\\\/\",\"name\":\"Los \u00c1ngeles Shishas\",\"description\":\"Tienda online de cachimbas y complementos para shisha\",\"publisher\":{\"@id\":\"https:\\\/\\\/losangelesshishas.com\\\/#organization\"},\"potentialAction\":[{\"@type\":\"SearchAction\",\"target\":{\"@type\":\"EntryPoint\",\"urlTemplate\":\"https:\\\/\\\/losangelesshishas.com\\\/?s={search_term_string}\"},\"query-input\":{\"@type\":\"PropertyValueSpecification\",\"valueRequired\":true,\"valueName\":\"search_term_string\"}}],\"inLanguage\":\"es\"},{\"@type\":\"Organization\",\"@id\":\"https:\\\/\\\/losangelesshishas.com\\\/#organization\",\"name\":\"Los \u00c1ngeles Shishas\",\"url\":\"https:\\\/\\\/losangelesshishas.com\\\/\",\"logo\":{\"@type\":\"ImageObject\",\"inLanguage\":\"es\",\"@id\":\"https:\\\/\\\/losangelesshishas.com\\\/#\\\/schema\\\/logo\\\/image\\\/\",\"url\":\"https:\\\/\\\/losangelesshishas.com\\\/wp-content\\\/uploads\\\/2022\\\/03\\\/IMG_1137.png\",\"contentUrl\":\"https:\\\/\\\/losangelesshishas.com\\\/wp-content\\\/uploads\\\/2022\\\/03\\\/IMG_1137.png\",\"width\":1980,\"height\":1320,\"caption\":\"Los \u00c1ngeles Shishas\"},\"image\":{\"@id\":\"https:\\\/\\\/losangelesshishas.com\\\/#\\\/schema\\\/logo\\\/image\\\/\"}}]}<\/script>\n<!-- \/ Yoast SEO plugin. -->","yoast_head_json":{"title":"DIAVLA HOOKAH MODEL KHARMA PINK - Los \u00c1ngeles Shishas","robots":{"index":"index","follow":"follow","max-snippet":"max-snippet:-1","max-image-preview":"max-image-preview:large","max-video-preview":"max-video-preview:-1"},"canonical":"https:\/\/losangelesshishas.com\/index.php\/producto\/diavla-hookah-model-kharma-pink\/","og_locale":"es_ES","og_type":"article","og_title":"DIAVLA HOOKAH MODEL KHARMA PINK - Los \u00c1ngeles Shishas","og_description":"La marca espa\u00f1ola\u00a0se consolida en el sector tras el \u00e9xito de su primera cachimba\u00a0Diavla Hookah Model Mini Kharma, muy llamativa por sus diferentes resinas y facilidad de transportar.Posee un sistema de purga muy vistoso hacia el plato. Sus piezas met\u00e1licas est\u00e1n fabricadas en acero inoxidable V2A, que ayudar\u00e1n a que su cachimba se conserve en [...]","og_url":"https:\/\/losangelesshishas.com\/index.php\/producto\/diavla-hookah-model-kharma-pink\/","og_site_name":"Los \u00c1ngeles Shishas","article_modified_time":"2025-03-04T17:58:49+00:00","og_image":[{"width":800,"height":800,"url":"https:\/\/losangelesshishas.com\/wp-content\/uploads\/2022\/05\/WEB-3-2.png","type":"image\/png"}],"twitter_card":"summary_large_image","twitter_misc":{"Tiempo de lectura":"1 minuto"},"schema":{"@context":"https:\/\/schema.org","@graph":[{"@type":"WebPage","@id":"https:\/\/losangelesshishas.com\/index.php\/producto\/diavla-hookah-model-kharma-pink\/","url":"https:\/\/losangelesshishas.com\/index.php\/producto\/diavla-hookah-model-kharma-pink\/","name":"DIAVLA HOOKAH MODEL KHARMA PINK - Los \u00c1ngeles Shishas","isPartOf":{"@id":"https:\/\/losangelesshishas.com\/#website"},"primaryImageOfPage":{"@id":"https:\/\/losangelesshishas.com\/index.php\/producto\/diavla-hookah-model-kharma-pink\/#primaryimage"},"image":{"@id":"https:\/\/losangelesshishas.com\/index.php\/producto\/diavla-hookah-model-kharma-pink\/#primaryimage"},"thumbnailUrl":"https:\/\/losangelesshishas.com\/wp-content\/uploads\/2022\/05\/WEB-3-2.png","datePublished":"2022-05-03T18:47:19+00:00","dateModified":"2025-03-04T17:58:49+00:00","breadcrumb":{"@id":"https:\/\/losangelesshishas.com\/index.php\/producto\/diavla-hookah-model-kharma-pink\/#breadcrumb"},"inLanguage":"es","potentialAction":[{"@type":"ReadAction","target":["https:\/\/losangelesshishas.com\/index.php\/producto\/diavla-hookah-model-kharma-pink\/"]}]},{"@type":"ImageObject","inLanguage":"es","@id":"https:\/\/losangelesshishas.com\/index.php\/producto\/diavla-hookah-model-kharma-pink\/#primaryimage","url":"https:\/\/losangelesshishas.com\/wp-content\/uploads\/2022\/05\/WEB-3-2.png","contentUrl":"https:\/\/losangelesshishas.com\/wp-content\/uploads\/2022\/05\/WEB-3-2.png","width":800,"height":800,"caption":"DIAVLA HOOKAH MODEL KHARMA PINK"},{"@type":"BreadcrumbList","@id":"https:\/\/losangelesshishas.com\/index.php\/producto\/diavla-hookah-model-kharma-pink\/#breadcrumb","itemListElement":[{"@type":"ListItem","position":1,"name":"Portada","item":"https:\/\/losangelesshishas.com\/"},{"@type":"ListItem","position":2,"name":"Tienda","item":"https:\/\/losangelesshishas.com\/index.php\/tienda\/"},{"@type":"ListItem","position":3,"name":"DIAVLA HOOKAH MODEL KHARMA PINK"}]},{"@type":"WebSite","@id":"https:\/\/losangelesshishas.com\/#website","url":"https:\/\/losangelesshishas.com\/","name":"Los \u00c1ngeles Shishas","description":"Tienda online de cachimbas y complementos para shisha","publisher":{"@id":"https:\/\/losangelesshishas.com\/#organization"},"potentialAction":[{"@type":"SearchAction","target":{"@type":"EntryPoint","urlTemplate":"https:\/\/losangelesshishas.com\/?s={search_term_string}"},"query-input":{"@type":"PropertyValueSpecification","valueRequired":true,"valueName":"search_term_string"}}],"inLanguage":"es"},{"@type":"Organization","@id":"https:\/\/losangelesshishas.com\/#organization","name":"Los \u00c1ngeles Shishas","url":"https:\/\/losangelesshishas.com\/","logo":{"@type":"ImageObject","inLanguage":"es","@id":"https:\/\/losangelesshishas.com\/#\/schema\/logo\/image\/","url":"https:\/\/losangelesshishas.com\/wp-content\/uploads\/2022\/03\/IMG_1137.png","contentUrl":"https:\/\/losangelesshishas.com\/wp-content\/uploads\/2022\/03\/IMG_1137.png","width":1980,"height":1320,"caption":"Los \u00c1ngeles Shishas"},"image":{"@id":"https:\/\/losangelesshishas.com\/#\/schema\/logo\/image\/"}}]}},"_links":{"self":[{"href":"https:\/\/losangelesshishas.com\/index.php\/wp-json\/wp\/v2\/product\/711","targetHints":{"allow":["GET"]}}],"collection":[{"href":"https:\/\/losangelesshishas.com\/index.php\/wp-json\/wp\/v2\/product"}],"about":[{"href":"https:\/\/losangelesshishas.com\/index.php\/wp-json\/wp\/v2\/types\/product"}],"replies":[{"embeddable":true,"href":"https:\/\/losangelesshishas.com\/index.php\/wp-json\/wp\/v2\/comments?post=711"}],"wp:featuredmedia":[{"embeddable":true,"href":"https:\/\/losangelesshishas.com\/index.php\/wp-json\/wp\/v2\/media\/1038"}],"wp:attachment":[{"href":"https:\/\/losangelesshishas.com\/index.php\/wp-json\/wp\/v2\/media?parent=711"}],"wp:term":[{"taxonomy":"product_brand","embeddable":true,"href":"https:\/\/losangelesshishas.com\/index.php\/wp-json\/wp\/v2\/product_brand?post=711"},{"taxonomy":"product_cat","embeddable":true,"href":"https:\/\/losangelesshishas.com\/index.php\/wp-json\/wp\/v2\/product_cat?post=711"},{"taxonomy":"product_tag","embeddable":true,"href":"https:\/\/losangelesshishas.com\/index.php\/wp-json\/wp\/v2\/product_tag?post=711"}],"curies":[{"name":"wp","href":"https:\/\/api.w.org\/{rel}","templated":true}]}}